{"id":2477,"date":"2020-10-13T23:23:28","date_gmt":"2020-10-13T23:23:28","guid":{"rendered":"http:\/\/mac.psc.br\/site\/?page_id=2477"},"modified":"2021-05-19T13:23:41","modified_gmt":"2021-05-19T13:23:41","slug":"visita-ao-museum-c-g-jung-house-e-ao-c-g-jung-institute-zurich-em-kusnacht-zurique-e-basileia","status":"publish","type":"page","link":"https:\/\/mac.psc.br\/site\/galeria\/visita-ao-museum-c-g-jung-house-e-ao-c-g-jung-institute-zurich-em-kusnacht-zurique-e-basileia\/","title":{"rendered":"Visita ao Museum C.G. Jung House, e ao C.G. Jung Institute Z\u00fcrich, em K\u00fcsnacht, Zurique e Basil\u00e9ia"},"content":{"rendered":"\t\t<div data-elementor-type=\"wp-page\" data-elementor-id=\"2477\" class=\"elementor elementor-2477\">\n\t\t\t\t\t\t<div class=\"elementor-inner\">\n\t\t\t\t<div class=\"elementor-section-wrap\">\n\t\t\t\t\t\t\t\t\t<section class=\"ob-is-breaking-bad elementor-section elementor-top-section elementor-element elementor-element-0aff0d4 elementor-section-boxed elementor-section-height-default elementor-section-height-default\" data-id=\"0aff0d4\" data-element_type=\"section\" data-settings=\"{&quot;_ob_bbad_use_it&quot;:&quot;yes&quot;,&quot;_ob_bbad_sssic_use&quot;:&quot;no&quot;,&quot;_ob_glider_is_slider&quot;:&quot;no&quot;}\">\n\t\t\t\t\t\t<div class=\"elementor-container elementor-column-gap-default\">\n\t\t\t\t\t\t\t<div class=\"elementor-row\">\n\t\t\t\t\t<div class=\"elementor-column elementor-col-100 elementor-top-column elementor-element elementor-element-c9ef4bf\" data-id=\"c9ef4bf\" data-element_type=\"column\" data-settings=\"{&quot;_ob_bbad_is_stalker&quot;:&quot;no&quot;,&quot;_ob_teleporter_use&quot;:false,&quot;_ob_column_hoveranimator&quot;:&quot;no&quot;,&quot;_ob_column_has_pseudo&quot;:&quot;no&quot;}\">\n\t\t\t<div class=\"elementor-column-wrap elementor-element-populated\">\n\t\t\t\t\t\t\t<div class=\"elementor-widget-wrap\">\n\t\t\t\t\t\t<div class=\"elementor-element elementor-element-df469a0 ob-has-background-overlay elementor-widget elementor-widget-gallery\" data-id=\"df469a0\" data-element_type=\"widget\" data-settings=\"{&quot;gallery_layout&quot;:&quot;masonry&quot;,&quot;columns&quot;:3,&quot;lazyload&quot;:&quot;yes&quot;,&quot;columns_tablet&quot;:2,&quot;columns_mobile&quot;:1,&quot;gap&quot;:{&quot;unit&quot;:&quot;px&quot;,&quot;size&quot;:10,&quot;sizes&quot;:[]},&quot;gap_tablet&quot;:{&quot;unit&quot;:&quot;px&quot;,&quot;size&quot;:10,&quot;sizes&quot;:[]},&quot;gap_mobile&quot;:{&quot;unit&quot;:&quot;px&quot;,&quot;size&quot;:10,&quot;sizes&quot;:[]},&quot;link_to&quot;:&quot;file&quot;,&quot;overlay_background&quot;:&quot;yes&quot;,&quot;content_hover_animation&quot;:&quot;fade-in&quot;,&quot;_ob_perspektive_use&quot;:&quot;no&quot;,&quot;_ob_poopart_use&quot;:&quot;yes&quot;,&quot;_ob_shadough_use&quot;:&quot;no&quot;,&quot;_ob_allow_hoveranimator&quot;:&quot;no&quot;,&quot;_ob_widget_stalker_use&quot;:&quot;no&quot;}\" data-widget_type=\"gallery.default\">\n\t\t\t\t<div class=\"elementor-widget-container\">\n\t\t\t\t\t<div class=\"elementor-gallery__container\">\n\t\t\t\t\t\t\t<a class=\"e-gallery-item elementor-gallery-item elementor-animated-content\" href=\"https:\/\/mac.psc.br\/site\/wp-content\/uploads\/2020\/10\/galeria-visita-1.jpg\" data-elementor-open-lightbox=\"yes\" data-elementor-lightbox-slideshow=\"all-df469a0\" data-elementor-lightbox-title=\"Visita ao Museu C.J.Jung House\" e-action-hash=\"#elementor-action%3Aaction%3Dlightbox%26settings%3DeyJpZCI6MjQ3OSwidXJsIjoiaHR0cHM6XC9cL21hYy5wc2MuYnJcL3NpdGVcL3dwLWNvbnRlbnRcL3VwbG9hZHNcLzIwMjBcLzEwXC9nYWxlcmlhLXZpc2l0YS0xLmpwZyIsInNsaWRlc2hvdyI6ImFsbC1kZjQ2OWEwIn0%3D\">\n\t\t\t\t\t<div class=\"e-gallery-image elementor-gallery-item__image\" data-thumbnail=\"https:\/\/mac.psc.br\/site\/wp-content\/uploads\/2020\/10\/galeria-visita-1-300x300.jpg\" data-width=\"300\" data-height=\"300\" alt=\"Visita ao Museu C.J.Jung House\" ><\/div>\n\t\t\t\t\t\t\t\t\t\t\t<div class=\"elementor-gallery-item__overlay\"><\/div>\n\t\t\t\t\t\t\t\t\t\t\t\t\t\t<\/a>\n\t\t\t\t\t\t\t<a class=\"e-gallery-item elementor-gallery-item elementor-animated-content\" href=\"https:\/\/mac.psc.br\/site\/wp-content\/uploads\/2020\/10\/galeria-visita-2.jpg\" data-elementor-open-lightbox=\"yes\" data-elementor-lightbox-slideshow=\"all-df469a0\" data-elementor-lightbox-title=\"Visita ao Museu C.J.Jung House\" e-action-hash=\"#elementor-action%3Aaction%3Dlightbox%26settings%3DeyJpZCI6MjQ4MCwidXJsIjoiaHR0cHM6XC9cL21hYy5wc2MuYnJcL3NpdGVcL3dwLWNvbnRlbnRcL3VwbG9hZHNcLzIwMjBcLzEwXC9nYWxlcmlhLXZpc2l0YS0yLmpwZyIsInNsaWRlc2hvdyI6ImFsbC1kZjQ2OWEwIn0%3D\">\n\t\t\t\t\t<div class=\"e-gallery-image elementor-gallery-item__image\" data-thumbnail=\"https:\/\/mac.psc.br\/site\/wp-content\/uploads\/2020\/10\/galeria-visita-2-221x300.jpg\" data-width=\"221\" data-height=\"300\" alt=\"Visita ao Museu C.J.Jung House\" ><\/div>\n\t\t\t\t\t\t\t\t\t\t\t<div class=\"elementor-gallery-item__overlay\"><\/div>\n\t\t\t\t\t\t\t\t\t\t\t\t\t\t<\/a>\n\t\t\t\t\t\t\t<a class=\"e-gallery-item elementor-gallery-item elementor-animated-content\" href=\"https:\/\/mac.psc.br\/site\/wp-content\/uploads\/2020\/10\/galeria-visita-3.jpg\" data-elementor-open-lightbox=\"yes\" data-elementor-lightbox-slideshow=\"all-df469a0\" data-elementor-lightbox-title=\"Visita ao Museu C.J.Jung House\" e-action-hash=\"#elementor-action%3Aaction%3Dlightbox%26settings%3DeyJpZCI6MjQ4MSwidXJsIjoiaHR0cHM6XC9cL21hYy5wc2MuYnJcL3NpdGVcL3dwLWNvbnRlbnRcL3VwbG9hZHNcLzIwMjBcLzEwXC9nYWxlcmlhLXZpc2l0YS0zLmpwZyIsInNsaWRlc2hvdyI6ImFsbC1kZjQ2OWEwIn0%3D\">\n\t\t\t\t\t<div class=\"e-gallery-image elementor-gallery-item__image\" data-thumbnail=\"https:\/\/mac.psc.br\/site\/wp-content\/uploads\/2020\/10\/galeria-visita-3-221x300.jpg\" data-width=\"221\" data-height=\"300\" alt=\"Visita ao Museu C.J.Jung House\" ><\/div>\n\t\t\t\t\t\t\t\t\t\t\t<div class=\"elementor-gallery-item__overlay\"><\/div>\n\t\t\t\t\t\t\t\t\t\t\t\t\t\t<\/a>\n\t\t\t\t\t\t\t<a class=\"e-gallery-item elementor-gallery-item elementor-animated-content\" href=\"https:\/\/mac.psc.br\/site\/wp-content\/uploads\/2020\/10\/galeria-visita-4.jpg\" data-elementor-open-lightbox=\"yes\" data-elementor-lightbox-slideshow=\"all-df469a0\" data-elementor-lightbox-title=\"Visita ao Museu C.J.Jung House\" e-action-hash=\"#elementor-action%3Aaction%3Dlightbox%26settings%3DeyJpZCI6MjQ4MiwidXJsIjoiaHR0cHM6XC9cL21hYy5wc2MuYnJcL3NpdGVcL3dwLWNvbnRlbnRcL3VwbG9hZHNcLzIwMjBcLzEwXC9nYWxlcmlhLXZpc2l0YS00LmpwZyIsInNsaWRlc2hvdyI6ImFsbC1kZjQ2OWEwIn0%3D\">\n\t\t\t\t\t<div class=\"e-gallery-image elementor-gallery-item__image\" data-thumbnail=\"https:\/\/mac.psc.br\/site\/wp-content\/uploads\/2020\/10\/galeria-visita-4-300x225.jpg\" data-width=\"300\" data-height=\"225\" alt=\"Visita ao Museu C.J.Jung House\" ><\/div>\n\t\t\t\t\t\t\t\t\t\t\t<div class=\"elementor-gallery-item__overlay\"><\/div>\n\t\t\t\t\t\t\t\t\t\t\t\t\t\t<\/a>\n\t\t\t\t\t\t\t<a class=\"e-gallery-item elementor-gallery-item elementor-animated-content\" href=\"https:\/\/mac.psc.br\/site\/wp-content\/uploads\/2020\/10\/galeria-visita-5.jpg\" data-elementor-open-lightbox=\"yes\" data-elementor-lightbox-slideshow=\"all-df469a0\" data-elementor-lightbox-title=\"Visita ao Museu C.J.Jung House\" e-action-hash=\"#elementor-action%3Aaction%3Dlightbox%26settings%3DeyJpZCI6MjQ4MywidXJsIjoiaHR0cHM6XC9cL21hYy5wc2MuYnJcL3NpdGVcL3dwLWNvbnRlbnRcL3VwbG9hZHNcLzIwMjBcLzEwXC9nYWxlcmlhLXZpc2l0YS01LmpwZyIsInNsaWRlc2hvdyI6ImFsbC1kZjQ2OWEwIn0%3D\">\n\t\t\t\t\t<div class=\"e-gallery-image elementor-gallery-item__image\" data-thumbnail=\"https:\/\/mac.psc.br\/site\/wp-content\/uploads\/2020\/10\/galeria-visita-5-221x300.jpg\" data-width=\"221\" data-height=\"300\" alt=\"Visita ao Museu C.J.Jung House\" ><\/div>\n\t\t\t\t\t\t\t\t\t\t\t<div class=\"elementor-gallery-item__overlay\"><\/div>\n\t\t\t\t\t\t\t\t\t\t\t\t\t\t<\/a>\n\t\t\t\t\t\t\t<a class=\"e-gallery-item elementor-gallery-item elementor-animated-content\" href=\"https:\/\/mac.psc.br\/site\/wp-content\/uploads\/2020\/10\/galeria-visita-6.jpg\" data-elementor-open-lightbox=\"yes\" data-elementor-lightbox-slideshow=\"all-df469a0\" data-elementor-lightbox-title=\"Visita ao Museu C.J.Jung House\" e-action-hash=\"#elementor-action%3Aaction%3Dlightbox%26settings%3DeyJpZCI6MjQ4NCwidXJsIjoiaHR0cHM6XC9cL21hYy5wc2MuYnJcL3NpdGVcL3dwLWNvbnRlbnRcL3VwbG9hZHNcLzIwMjBcLzEwXC9nYWxlcmlhLXZpc2l0YS02LmpwZyIsInNsaWRlc2hvdyI6ImFsbC1kZjQ2OWEwIn0%3D\">\n\t\t\t\t\t<div class=\"e-gallery-image elementor-gallery-item__image\" data-thumbnail=\"https:\/\/mac.psc.br\/site\/wp-content\/uploads\/2020\/10\/galeria-visita-6-300x225.jpg\" data-width=\"300\" data-height=\"225\" alt=\"Visita ao Museu C.J.Jung House\" ><\/div>\n\t\t\t\t\t\t\t\t\t\t\t<div class=\"elementor-gallery-item__overlay\"><\/div>\n\t\t\t\t\t\t\t\t\t\t\t\t\t\t<\/a>\n\t\t\t\t\t\t\t<a class=\"e-gallery-item elementor-gallery-item elementor-animated-content\" href=\"https:\/\/mac.psc.br\/site\/wp-content\/uploads\/2020\/10\/galeria-visita-7.jpg\" data-elementor-open-lightbox=\"yes\" data-elementor-lightbox-slideshow=\"all-df469a0\" data-elementor-lightbox-title=\"Visita ao Museu C.J.Jung House\" e-action-hash=\"#elementor-action%3Aaction%3Dlightbox%26settings%3DeyJpZCI6MjQ4NSwidXJsIjoiaHR0cHM6XC9cL21hYy5wc2MuYnJcL3NpdGVcL3dwLWNvbnRlbnRcL3VwbG9hZHNcLzIwMjBcLzEwXC9nYWxlcmlhLXZpc2l0YS03LmpwZyIsInNsaWRlc2hvdyI6ImFsbC1kZjQ2OWEwIn0%3D\">\n\t\t\t\t\t<div class=\"e-gallery-image elementor-gallery-item__image\" data-thumbnail=\"https:\/\/mac.psc.br\/site\/wp-content\/uploads\/2020\/10\/galeria-visita-7-300x225.jpg\" data-width=\"300\" data-height=\"225\" alt=\"Visita ao Museu C.J.Jung House\" ><\/div>\n\t\t\t\t\t\t\t\t\t\t\t<div class=\"elementor-gallery-item__overlay\"><\/div>\n\t\t\t\t\t\t\t\t\t\t\t\t\t\t<\/a>\n\t\t\t\t\t\t\t<a class=\"e-gallery-item elementor-gallery-item elementor-animated-content\" href=\"https:\/\/mac.psc.br\/site\/wp-content\/uploads\/2020\/10\/galeria-visita-8.jpg\" data-elementor-open-lightbox=\"yes\" data-elementor-lightbox-slideshow=\"all-df469a0\" data-elementor-lightbox-title=\"Visita ao Museu C.J.Jung House\" e-action-hash=\"#elementor-action%3Aaction%3Dlightbox%26settings%3DeyJpZCI6MjQ4NiwidXJsIjoiaHR0cHM6XC9cL21hYy5wc2MuYnJcL3NpdGVcL3dwLWNvbnRlbnRcL3VwbG9hZHNcLzIwMjBcLzEwXC9nYWxlcmlhLXZpc2l0YS04LmpwZyIsInNsaWRlc2hvdyI6ImFsbC1kZjQ2OWEwIn0%3D\">\n\t\t\t\t\t<div class=\"e-gallery-image elementor-gallery-item__image\" data-thumbnail=\"https:\/\/mac.psc.br\/site\/wp-content\/uploads\/2020\/10\/galeria-visita-8-221x300.jpg\" data-width=\"221\" data-height=\"300\" alt=\"Visita ao Museu C.J.Jung House\" ><\/div>\n\t\t\t\t\t\t\t\t\t\t\t<div class=\"elementor-gallery-item__overlay\"><\/div>\n\t\t\t\t\t\t\t\t\t\t\t\t\t\t<\/a>\n\t\t\t\t\t\t\t<a class=\"e-gallery-item elementor-gallery-item elementor-animated-content\" href=\"https:\/\/mac.psc.br\/site\/wp-content\/uploads\/2020\/10\/galeria-visita-9.jpg\" data-elementor-open-lightbox=\"yes\" data-elementor-lightbox-slideshow=\"all-df469a0\" data-elementor-lightbox-title=\"Visita ao Museu C.J.Jung House\" e-action-hash=\"#elementor-action%3Aaction%3Dlightbox%26settings%3DeyJpZCI6MjQ4NywidXJsIjoiaHR0cHM6XC9cL21hYy5wc2MuYnJcL3NpdGVcL3dwLWNvbnRlbnRcL3VwbG9hZHNcLzIwMjBcLzEwXC9nYWxlcmlhLXZpc2l0YS05LmpwZyIsInNsaWRlc2hvdyI6ImFsbC1kZjQ2OWEwIn0%3D\">\n\t\t\t\t\t<div class=\"e-gallery-image elementor-gallery-item__image\" data-thumbnail=\"https:\/\/mac.psc.br\/site\/wp-content\/uploads\/2020\/10\/galeria-visita-9-221x300.jpg\" data-width=\"221\" data-height=\"300\" alt=\"Visita ao Museu C.J.Jung House\" ><\/div>\n\t\t\t\t\t\t\t\t\t\t\t<div class=\"elementor-gallery-item__overlay\"><\/div>\n\t\t\t\t\t\t\t\t\t\t\t\t\t\t<\/a>\n\t\t\t\t\t\t\t<a class=\"e-gallery-item elementor-gallery-item elementor-animated-content\" href=\"https:\/\/mac.psc.br\/site\/wp-content\/uploads\/2020\/10\/galeria-visita-10.jpg\" data-elementor-open-lightbox=\"yes\" data-elementor-lightbox-slideshow=\"all-df469a0\" data-elementor-lightbox-title=\"Visita ao Museu C.J.Jung House\" e-action-hash=\"#elementor-action%3Aaction%3Dlightbox%26settings%3DeyJpZCI6MjQ4OCwidXJsIjoiaHR0cHM6XC9cL21hYy5wc2MuYnJcL3NpdGVcL3dwLWNvbnRlbnRcL3VwbG9hZHNcLzIwMjBcLzEwXC9nYWxlcmlhLXZpc2l0YS0xMC5qcGciLCJzbGlkZXNob3ciOiJhbGwtZGY0NjlhMCJ9\">\n\t\t\t\t\t<div class=\"e-gallery-image elementor-gallery-item__image\" data-thumbnail=\"https:\/\/mac.psc.br\/site\/wp-content\/uploads\/2020\/10\/galeria-visita-10-300x225.jpg\" data-width=\"300\" data-height=\"225\" alt=\"Visita ao Museu C.J.Jung House\" ><\/div>\n\t\t\t\t\t\t\t\t\t\t\t<div class=\"elementor-gallery-item__overlay\"><\/div>\n\t\t\t\t\t\t\t\t\t\t\t\t\t\t<\/a>\n\t\t\t\t\t\t\t<a class=\"e-gallery-item elementor-gallery-item elementor-animated-content\" href=\"https:\/\/mac.psc.br\/site\/wp-content\/uploads\/2020\/10\/galeria-visita-11.jpg\" data-elementor-open-lightbox=\"yes\" data-elementor-lightbox-slideshow=\"all-df469a0\" data-elementor-lightbox-title=\"galeria-visita-11\" e-action-hash=\"#elementor-action%3Aaction%3Dlightbox%26settings%3DeyJpZCI6MjQ4OSwidXJsIjoiaHR0cHM6XC9cL21hYy5wc2MuYnJcL3NpdGVcL3dwLWNvbnRlbnRcL3VwbG9hZHNcLzIwMjBcLzEwXC9nYWxlcmlhLXZpc2l0YS0xMS5qcGciLCJzbGlkZXNob3ciOiJhbGwtZGY0NjlhMCJ9\">\n\t\t\t\t\t<div class=\"e-gallery-image elementor-gallery-item__image\" data-thumbnail=\"https:\/\/mac.psc.br\/site\/wp-content\/uploads\/2020\/10\/galeria-visita-11-300x225.jpg\" data-width=\"300\" data-height=\"225\" alt=\"Visita ao Museu C.J.Jung House\" ><\/div>\n\t\t\t\t\t\t\t\t\t\t\t<div class=\"elementor-gallery-item__overlay\"><\/div>\n\t\t\t\t\t\t\t\t\t\t\t\t\t\t<\/a>\n\t\t\t\t\t\t\t<a class=\"e-gallery-item elementor-gallery-item elementor-animated-content\" href=\"https:\/\/mac.psc.br\/site\/wp-content\/uploads\/2020\/10\/galeria-visita-12.jpg\" data-elementor-open-lightbox=\"yes\" data-elementor-lightbox-slideshow=\"all-df469a0\" data-elementor-lightbox-title=\"Visita ao Museu C.J.Jung House\" e-action-hash=\"#elementor-action%3Aaction%3Dlightbox%26settings%3DeyJpZCI6MjQ5MCwidXJsIjoiaHR0cHM6XC9cL21hYy5wc2MuYnJcL3NpdGVcL3dwLWNvbnRlbnRcL3VwbG9hZHNcLzIwMjBcLzEwXC9nYWxlcmlhLXZpc2l0YS0xMi5qcGciLCJzbGlkZXNob3ciOiJhbGwtZGY0NjlhMCJ9\">\n\t\t\t\t\t<div class=\"e-gallery-image elementor-gallery-item__image\" data-thumbnail=\"https:\/\/mac.psc.br\/site\/wp-content\/uploads\/2020\/10\/galeria-visita-12-300x225.jpg\" data-width=\"300\" data-height=\"225\" alt=\"Visita ao Museu C.J.Jung House\" ><\/div>\n\t\t\t\t\t\t\t\t\t\t\t<div class=\"elementor-gallery-item__overlay\"><\/div>\n\t\t\t\t\t\t\t\t\t\t\t\t\t\t<\/a>\n\t\t\t\t\t\t\t<a class=\"e-gallery-item elementor-gallery-item elementor-animated-content\" href=\"https:\/\/mac.psc.br\/site\/wp-content\/uploads\/2020\/10\/galeria-visita-13.jpg\" data-elementor-open-lightbox=\"yes\" data-elementor-lightbox-slideshow=\"all-df469a0\" data-elementor-lightbox-title=\"Visita ao Museu C.J.Jung House\" e-action-hash=\"#elementor-action%3Aaction%3Dlightbox%26settings%3DeyJpZCI6MjQ5MSwidXJsIjoiaHR0cHM6XC9cL21hYy5wc2MuYnJcL3NpdGVcL3dwLWNvbnRlbnRcL3VwbG9hZHNcLzIwMjBcLzEwXC9nYWxlcmlhLXZpc2l0YS0xMy5qcGciLCJzbGlkZXNob3ciOiJhbGwtZGY0NjlhMCJ9\">\n\t\t\t\t\t<div class=\"e-gallery-image elementor-gallery-item__image\" data-thumbnail=\"https:\/\/mac.psc.br\/site\/wp-content\/uploads\/2020\/10\/galeria-visita-13-300x225.jpg\" data-width=\"300\" data-height=\"225\" alt=\"Visita ao Museu C.J.Jung House\" ><\/div>\n\t\t\t\t\t\t\t\t\t\t\t<div class=\"elementor-gallery-item__overlay\"><\/div>\n\t\t\t\t\t\t\t\t\t\t\t\t\t\t<\/a>\n\t\t\t\t\t\t\t<a class=\"e-gallery-item elementor-gallery-item elementor-animated-content\" href=\"https:\/\/mac.psc.br\/site\/wp-content\/uploads\/2020\/10\/galeria-visita-14.jpg\" data-elementor-open-lightbox=\"yes\" data-elementor-lightbox-slideshow=\"all-df469a0\" data-elementor-lightbox-title=\"Visita ao Museu C.J.Jung House\" e-action-hash=\"#elementor-action%3Aaction%3Dlightbox%26settings%3DeyJpZCI6MjQ5MiwidXJsIjoiaHR0cHM6XC9cL21hYy5wc2MuYnJcL3NpdGVcL3dwLWNvbnRlbnRcL3VwbG9hZHNcLzIwMjBcLzEwXC9nYWxlcmlhLXZpc2l0YS0xNC5qcGciLCJzbGlkZXNob3ciOiJhbGwtZGY0NjlhMCJ9\">\n\t\t\t\t\t<div class=\"e-gallery-image elementor-gallery-item__image\" data-thumbnail=\"https:\/\/mac.psc.br\/site\/wp-content\/uploads\/2020\/10\/galeria-visita-14-221x300.jpg\" data-width=\"221\" data-height=\"300\" alt=\"Visita ao Museu C.J.Jung House\" ><\/div>\n\t\t\t\t\t\t\t\t\t\t\t<div class=\"elementor-gallery-item__overlay\"><\/div>\n\t\t\t\t\t\t\t\t\t\t\t\t\t\t<\/a>\n\t\t\t\t\t\t\t<a class=\"e-gallery-item elementor-gallery-item elementor-animated-content\" href=\"https:\/\/mac.psc.br\/site\/wp-content\/uploads\/2020\/10\/galeria-visita-15.jpg\" data-elementor-open-lightbox=\"yes\" data-elementor-lightbox-slideshow=\"all-df469a0\" data-elementor-lightbox-title=\"Visita ao Museu C.J.Jung House\" e-action-hash=\"#elementor-action%3Aaction%3Dlightbox%26settings%3DeyJpZCI6MjQ5MywidXJsIjoiaHR0cHM6XC9cL21hYy5wc2MuYnJcL3NpdGVcL3dwLWNvbnRlbnRcL3VwbG9hZHNcLzIwMjBcLzEwXC9nYWxlcmlhLXZpc2l0YS0xNS5qcGciLCJzbGlkZXNob3ciOiJhbGwtZGY0NjlhMCJ9\">\n\t\t\t\t\t<div class=\"e-gallery-image elementor-gallery-item__image\" data-thumbnail=\"https:\/\/mac.psc.br\/site\/wp-content\/uploads\/2020\/10\/galeria-visita-15-300x225.jpg\" data-width=\"300\" data-height=\"225\" alt=\"Visita ao Museu C.J.Jung House\" ><\/div>\n\t\t\t\t\t\t\t\t\t\t\t<div class=\"elementor-gallery-item__overlay\"><\/div>\n\t\t\t\t\t\t\t\t\t\t\t\t\t\t<\/a>\n\t\t\t\t\t<\/div>\n\t\t\t<\/div>\n\t\t\t\t<\/div>\n\t\t\t\t\t\t<\/div>\n\t\t\t\t\t<\/div>\n\t\t<\/div>\n\t\t\t\t\t\t\t\t<\/div>\n\t\t\t\t\t<\/div>\n\t\t<\/section>\n\t\t\t\t\t\t\t\t\t<\/div>\n\t\t\t<\/div>\n\t\t\t\t\t<\/div>\n\t\t","protected":false},"excerpt":{"rendered":"","protected":false},"author":1,"featured_media":0,"parent":1262,"menu_order":0,"comment_status":"closed","ping_status":"closed","template":"","meta":[],"_links":{"self":[{"href":"https:\/\/mac.psc.br\/site\/wp-json\/wp\/v2\/pages\/2477"}],"collection":[{"href":"https:\/\/mac.psc.br\/site\/wp-json\/wp\/v2\/pages"}],"about":[{"href":"https:\/\/mac.psc.br\/site\/wp-json\/wp\/v2\/types\/page"}],"author":[{"embeddable":true,"href":"https:\/\/mac.psc.br\/site\/wp-json\/wp\/v2\/users\/1"}],"replies":[{"embeddable":true,"href":"https:\/\/mac.psc.br\/site\/wp-json\/wp\/v2\/comments?post=2477"}],"version-history":[{"count":4,"href":"https:\/\/mac.psc.br\/site\/wp-json\/wp\/v2\/pages\/2477\/revisions"}],"predecessor-version":[{"id":2758,"href":"https:\/\/mac.psc.br\/site\/wp-json\/wp\/v2\/pages\/2477\/revisions\/2758"}],"up":[{"embeddable":true,"href":"https:\/\/mac.psc.br\/site\/wp-json\/wp\/v2\/pages\/1262"}],"wp:attachment":[{"href":"https:\/\/mac.psc.br\/site\/wp-json\/wp\/v2\/media?parent=2477"}],"curies":[{"name":"wp","href":"https:\/\/api.w.org\/{rel}","templated":true}]}}