{"id":2277,"date":"2020-10-13T13:31:26","date_gmt":"2020-10-13T13:31:26","guid":{"rendered":"http:\/\/mac.psc.br\/site\/?page_id=2277"},"modified":"2020-12-12T12:22:03","modified_gmt":"2020-12-12T12:22:03","slug":"filmes","status":"publish","type":"page","link":"https:\/\/mac.psc.br\/site\/cultivo-da-alma\/filmes\/","title":{"rendered":"Filmes"},"content":{"rendered":"\n<h4 class=\"has-text-color\" style=\"color:#00a9ce\">Filmes para orienta\u00e7\u00e3o de pais<\/h4>\n\n\n\n<p>O Come\u00e7o da Vida, 2016, Estela Renner<br>O Renascimento do Parto, 2013, Eduardo Chauvet<br>Babies, 2010, Thomas Balm\u00e8s<br>O Pequeno Nicolau, 2010, Laurent Tirard<br>A Novi\u00e7a Rebelde, 1965, Robert Wise<br>Tarja Branca, 2014, Cacau Rhoden<br>A Fita Branca, 2009, Michael Haneke<br>Chocolate, 2000, Lasse Hallstr\u00f6m<br>Sociedade dos Poetas Mortos, 1990, Peter Weir<br>O primeiro ano do resto de nossas vidas, 1985, Joel Schumacher<br>O Fabuloso Destino de Amelie Poulin, 2001, Jean Pierre Jeunet<\/p>\n\n\n\n<h4 class=\"has-text-color\" style=\"color:#00a9ce\">Filmes sobre arte e artistas<\/h4>\n\n\n\n<p>Beyond the Visible \u2013 Hilma af Klint, 2019, Halina Dyrschka<br>O Sal da Terra, 2015, Wim Wenders, Juliano Salgado<br>Pina, 2011, Wim Wenders<br>Frida, 2002, Julie Taymor<br>Camille Claudel, 1988, Bruno Nuytten<br>Cisne Negro, 2011, Daren Aronofsky<br>Billy Elliot, 2001, Stephen Daldry<\/p>\n\n\n\n<h4 class=\"has-text-color\" style=\"color:#00a9ce\">Document\u00e1rios<\/h4>\n\n\n\n<p>Janela da Alma, 2004, Jo\u00e3o Jardim e Walter Carvalho<br>Lixo Extraordin\u00e1rio, 2010, Lucy Walker, J\u00e3o Jardim, Karen Harley<\/p>\n\n\n\n<h4 class=\"has-text-color\" style=\"color:#00a9ce\">Outros Filmes<\/h4>\n\n\n\n<p>Guerra nas Estrelas, 1977, George Lucas<br>O Imp\u00e9rio Contra-Ataca, 1980, Irvin Kershner, Richard Marquand<br>O retorno de Jedi, 1983, Richard Marquand<br>A amea\u00e7a Fantasma, 1999, George Lucas<br>Ataque dos Clones, 2002, George Lucas<br>A vingan\u00e7a dos Sith, 2005, George Lucas<br>Star Wars: A Guerra dos Clones, 2008, Dave Filoni<br>Star Wars: O Despertar da For\u00e7a, 2015, J.J. Abrams<br>Rogue One: Uma Hist\u00f3ria Star Wars, 2016, Gareth Edwards<br>Star Wars: Os \u00daltimos Jedi, 2017, Rian Johnson<br>Han Solo: Uma Hist\u00f3ria Star Wars, 2018, Ron Howard<br>Star Wars: A Ascen\u00e7\u00e3o Skywalker, 2019, J.J. Abrams<br>O ilusionista, 2006, Neil Burger<br>Inc\u00eandios, 2011, Denis Villeneuve<br>Stalker, 1980, Andrei Tarkovski<br>O \u00daltimo Imperador,1988, Bernardo Bertolucci<br>O Pequeno Buda, 1993, Bernardo Bertolucci<br>Coringa,2019, Todd Phillips<br>A Teoria de Tudo, 2015, James Marsh<br>G\u00eanio Indom\u00e1vel, 1997, Gus Van Sant<br>A onda, 2009, Dennis Gansel<br>As Aventuras de Pi, 2012, Ang Lee<br>Hugo Cabret, 2012, Martin Scorcese<br>Sufragistas, 2015, Sarah Gavron<br>Me chame pelo seu nome, 2018, Luca Guadagnino<br>Intoc\u00e1veis, 2012, Oliver Nakache, \u00c9ric Toledano<br>Boyhood: Da Inf\u00e2ncia \u00e0 Juventude, 2014, Richard Linklater<br>Ghost: Do outro lado da vida, 1990, Jerry Zucker<br>Matrix, 1999, Lana Wachowski, Lilly Wachowski<br>O Curioso Caso de Benjamin Button, 2009, David Fincher<br>Pequena Miss Sunshine, 2006, Valerie Faris, Jonathan Dayton<br>A pele que habito, 2011, Pedro Almodovar<br>Viva: a vida \u00e9 uma festa, 2018, Adrian Molina, Lee Unkrich<br>Cinema Paradiso, 1990, Giuseppe Tornatore<br>O carteiro e o poeta, 1994, Michael Radford<br>Sob o sol da Toscana, 2003, Audrey Wells<br>Nise: o cora\u00e7\u00e3o da loucura, 2015, Roberto Berliner<br>Um m\u00e9todo perigoso, 2012, David Cronenberg<br>A ca\u00e7a, 2013, Thomas Vinterberg<\/p>\n\n\n\n<div style=\"height:20px\" aria-hidden=\"true\" class=\"wp-block-spacer\"><\/div>\n\n\n\n<div class=\"wp-container-1 wp-block-buttons\">\n<div class=\"wp-block-button is-style-outline\"><a class=\"wp-block-button__link\" href=\"https:\/\/mac.psc.br\/site\/cultivo-da-alma\/livros\/\" style=\"border-radius:4px\">LIVROS<\/a><\/div>\n<\/div>\n","protected":false},"excerpt":{"rendered":"<p>Filmes para orienta\u00e7\u00e3o de pais O Come\u00e7o da Vida, 2016, Estela RennerO Renascimento do Parto, 2013, Eduardo ChauvetBabies, 2010, Thomas Balm\u00e8sO Pequeno Nicolau, 2010, Laurent TirardA Novi\u00e7a Rebelde, 1965, Robert WiseTarja Branca, 2014, Cacau RhodenA Fita Branca, 2009, Michael HanekeChocolate, 2000, Lasse Hallstr\u00f6mSociedade dos Poetas Mortos, 1990, Peter WeirO primeiro ano do resto de nossas &#8230; <a title=\"Filmes\" class=\"read-more\" href=\"https:\/\/mac.psc.br\/site\/cultivo-da-alma\/filmes\/\" aria-label=\"More on Filmes\">Read more<\/a><\/p>\n","protected":false},"author":1,"featured_media":0,"parent":49,"menu_order":0,"comment_status":"closed","ping_status":"closed","template":"","meta":[],"_links":{"self":[{"href":"https:\/\/mac.psc.br\/site\/wp-json\/wp\/v2\/pages\/2277"}],"collection":[{"href":"https:\/\/mac.psc.br\/site\/wp-json\/wp\/v2\/pages"}],"about":[{"href":"https:\/\/mac.psc.br\/site\/wp-json\/wp\/v2\/types\/page"}],"author":[{"embeddable":true,"href":"https:\/\/mac.psc.br\/site\/wp-json\/wp\/v2\/users\/1"}],"replies":[{"embeddable":true,"href":"https:\/\/mac.psc.br\/site\/wp-json\/wp\/v2\/comments?post=2277"}],"version-history":[{"count":14,"href":"https:\/\/mac.psc.br\/site\/wp-json\/wp\/v2\/pages\/2277\/revisions"}],"predecessor-version":[{"id":2701,"href":"https:\/\/mac.psc.br\/site\/wp-json\/wp\/v2\/pages\/2277\/revisions\/2701"}],"up":[{"embeddable":true,"href":"https:\/\/mac.psc.br\/site\/wp-json\/wp\/v2\/pages\/49"}],"wp:attachment":[{"href":"https:\/\/mac.psc.br\/site\/wp-json\/wp\/v2\/media?parent=2277"}],"curies":[{"name":"wp","href":"https:\/\/api.w.org\/{rel}","templated":true}]}}