{"id":1366,"date":"2020-08-26T00:52:06","date_gmt":"2020-08-26T00:52:06","guid":{"rendered":"http:\/\/mac.psc.br\/site\/?page_id=1366"},"modified":"2021-05-19T13:25:40","modified_gmt":"2021-05-19T13:25:40","slug":"xxv-congresso-de-psicologia-analitica-da-ajb-bento-goncalves-rs","status":"publish","type":"page","link":"https:\/\/mac.psc.br\/site\/galeria\/xxv-congresso-de-psicologia-analitica-da-ajb-bento-goncalves-rs\/","title":{"rendered":"XXV Congresso de Psicologia Anal\u00edtica da AJB, Bento Gon\u00e7alves, RS"},"content":{"rendered":"\t\t<div data-elementor-type=\"wp-page\" data-elementor-id=\"1366\" class=\"elementor elementor-1366\">\n\t\t\t\t\t\t<div class=\"elementor-inner\">\n\t\t\t\t<div class=\"elementor-section-wrap\">\n\t\t\t\t\t\t\t\t\t<section class=\"ob-is-breaking-bad elementor-section elementor-top-section elementor-element elementor-element-72088f9 elementor-section-boxed elementor-section-height-default elementor-section-height-default\" data-id=\"72088f9\" data-element_type=\"section\" data-settings=\"{&quot;_ob_bbad_use_it&quot;:&quot;yes&quot;,&quot;_ob_bbad_sssic_use&quot;:&quot;no&quot;,&quot;_ob_glider_is_slider&quot;:&quot;no&quot;}\">\n\t\t\t\t\t\t<div class=\"elementor-container elementor-column-gap-default\">\n\t\t\t\t\t\t\t<div class=\"elementor-row\">\n\t\t\t\t\t<div class=\"elementor-column elementor-col-100 elementor-top-column elementor-element elementor-element-56c3cb4\" data-id=\"56c3cb4\" data-element_type=\"column\" data-settings=\"{&quot;_ob_bbad_is_stalker&quot;:&quot;no&quot;,&quot;_ob_teleporter_use&quot;:false,&quot;_ob_column_hoveranimator&quot;:&quot;no&quot;,&quot;_ob_column_has_pseudo&quot;:&quot;no&quot;}\">\n\t\t\t<div class=\"elementor-column-wrap elementor-element-populated\">\n\t\t\t\t\t\t\t<div class=\"elementor-widget-wrap\">\n\t\t\t\t\t\t<div class=\"elementor-element elementor-element-d422d4e ob-has-background-overlay elementor-widget elementor-widget-gallery\" data-id=\"d422d4e\" data-element_type=\"widget\" data-settings=\"{&quot;gallery_layout&quot;:&quot;masonry&quot;,&quot;columns&quot;:3,&quot;overlay_title&quot;:&quot;caption&quot;,&quot;lazyload&quot;:&quot;yes&quot;,&quot;columns_tablet&quot;:2,&quot;columns_mobile&quot;:1,&quot;gap&quot;:{&quot;unit&quot;:&quot;px&quot;,&quot;size&quot;:10,&quot;sizes&quot;:[]},&quot;gap_tablet&quot;:{&quot;unit&quot;:&quot;px&quot;,&quot;size&quot;:10,&quot;sizes&quot;:[]},&quot;gap_mobile&quot;:{&quot;unit&quot;:&quot;px&quot;,&quot;size&quot;:10,&quot;sizes&quot;:[]},&quot;link_to&quot;:&quot;file&quot;,&quot;overlay_background&quot;:&quot;yes&quot;,&quot;content_hover_animation&quot;:&quot;fade-in&quot;,&quot;_ob_perspektive_use&quot;:&quot;no&quot;,&quot;_ob_poopart_use&quot;:&quot;yes&quot;,&quot;_ob_shadough_use&quot;:&quot;no&quot;,&quot;_ob_allow_hoveranimator&quot;:&quot;no&quot;,&quot;_ob_widget_stalker_use&quot;:&quot;no&quot;}\" data-widget_type=\"gallery.default\">\n\t\t\t\t<div class=\"elementor-widget-container\">\n\t\t\t\t\t<div class=\"elementor-gallery__container\">\n\t\t\t\t\t\t\t<a class=\"e-gallery-item elementor-gallery-item elementor-animated-content\" href=\"https:\/\/mac.psc.br\/site\/wp-content\/uploads\/2020\/10\/galeria-ajb-2.jpg\" data-elementor-open-lightbox=\"yes\" data-elementor-lightbox-slideshow=\"all-d422d4e\" data-elementor-lightbox-title=\"XXV Congresso de Psicologia Anal\u00edtica da Associa\u00e7\u00e3o Junguiana do Brasil - AJB\" e-action-hash=\"#elementor-action%3Aaction%3Dlightbox%26settings%3DeyJpZCI6MjUyOSwidXJsIjoiaHR0cHM6XC9cL21hYy5wc2MuYnJcL3NpdGVcL3dwLWNvbnRlbnRcL3VwbG9hZHNcLzIwMjBcLzEwXC9nYWxlcmlhLWFqYi0yLmpwZyIsInNsaWRlc2hvdyI6ImFsbC1kNDIyZDRlIn0%3D\">\n\t\t\t\t\t<div class=\"e-gallery-image elementor-gallery-item__image\" data-thumbnail=\"https:\/\/mac.psc.br\/site\/wp-content\/uploads\/2020\/10\/galeria-ajb-2-300x225.jpg\" data-width=\"300\" data-height=\"225\" alt=\"XXV Congresso de Psicologia Anal\u00edtica da Associa\u00e7\u00e3o Junguiana do Brasil - AJB\" ><\/div>\n\t\t\t\t\t\t\t\t\t\t\t<div class=\"elementor-gallery-item__overlay\"><\/div>\n\t\t\t\t\t\t\t\t\t\t\t\t\t\t\t<div class=\"elementor-gallery-item__content\">\n\t\t\t\t\t\t\t\t\t\t\t<\/div>\n\t\t\t\t\t\t\t\t\t<\/a>\n\t\t\t\t\t\t\t<a class=\"e-gallery-item elementor-gallery-item elementor-animated-content\" href=\"https:\/\/mac.psc.br\/site\/wp-content\/uploads\/2020\/10\/galeria-ajb-3.jpg\" data-elementor-open-lightbox=\"yes\" data-elementor-lightbox-slideshow=\"all-d422d4e\" data-elementor-lightbox-title=\"XXV Congresso de Psicologia Anal\u00edtica da Associa\u00e7\u00e3o Junguiana do Brasil - AJB\" e-action-hash=\"#elementor-action%3Aaction%3Dlightbox%26settings%3DeyJpZCI6MjUzMCwidXJsIjoiaHR0cHM6XC9cL21hYy5wc2MuYnJcL3NpdGVcL3dwLWNvbnRlbnRcL3VwbG9hZHNcLzIwMjBcLzEwXC9nYWxlcmlhLWFqYi0zLmpwZyIsInNsaWRlc2hvdyI6ImFsbC1kNDIyZDRlIn0%3D\">\n\t\t\t\t\t<div class=\"e-gallery-image elementor-gallery-item__image\" data-thumbnail=\"https:\/\/mac.psc.br\/site\/wp-content\/uploads\/2020\/10\/galeria-ajb-3-221x300.jpg\" data-width=\"221\" data-height=\"300\" alt=\"XXV Congresso de Psicologia Anal\u00edtica da Associa\u00e7\u00e3o Junguiana do Brasil - AJB\" ><\/div>\n\t\t\t\t\t\t\t\t\t\t\t<div class=\"elementor-gallery-item__overlay\"><\/div>\n\t\t\t\t\t\t\t\t\t\t\t\t\t\t\t<div class=\"elementor-gallery-item__content\">\n\t\t\t\t\t\t\t\t\t\t\t<\/div>\n\t\t\t\t\t\t\t\t\t<\/a>\n\t\t\t\t\t\t\t<a class=\"e-gallery-item elementor-gallery-item elementor-animated-content\" href=\"https:\/\/mac.psc.br\/site\/wp-content\/uploads\/2020\/10\/galeria-ajb-4.jpg\" data-elementor-open-lightbox=\"yes\" data-elementor-lightbox-slideshow=\"all-d422d4e\" data-elementor-lightbox-title=\"XXV Congresso de Psicologia Anal\u00edtica da Associa\u00e7\u00e3o Junguiana do Brasil - AJB\" e-action-hash=\"#elementor-action%3Aaction%3Dlightbox%26settings%3DeyJpZCI6MjUzMSwidXJsIjoiaHR0cHM6XC9cL21hYy5wc2MuYnJcL3NpdGVcL3dwLWNvbnRlbnRcL3VwbG9hZHNcLzIwMjBcLzEwXC9nYWxlcmlhLWFqYi00LmpwZyIsInNsaWRlc2hvdyI6ImFsbC1kNDIyZDRlIn0%3D\">\n\t\t\t\t\t<div class=\"e-gallery-image elementor-gallery-item__image\" data-thumbnail=\"https:\/\/mac.psc.br\/site\/wp-content\/uploads\/2020\/10\/galeria-ajb-4-300x225.jpg\" data-width=\"300\" data-height=\"225\" alt=\"XXV Congresso de Psicologia Anal\u00edtica da Associa\u00e7\u00e3o Junguiana do Brasil - AJB\" ><\/div>\n\t\t\t\t\t\t\t\t\t\t\t<div class=\"elementor-gallery-item__overlay\"><\/div>\n\t\t\t\t\t\t\t\t\t\t\t\t\t\t\t<div class=\"elementor-gallery-item__content\">\n\t\t\t\t\t\t\t\t\t\t\t<\/div>\n\t\t\t\t\t\t\t\t\t<\/a>\n\t\t\t\t\t<\/div>\n\t\t\t<\/div>\n\t\t\t\t<\/div>\n\t\t\t\t<div class=\"elementor-element elementor-element-6acf627 ob-has-background-overlay elementor-widget elementor-widget-spacer\" data-id=\"6acf627\" data-element_type=\"widget\" data-settings=\"{&quot;_ob_spacerat_use&quot;:&quot;no&quot;,&quot;_ob_perspektive_use&quot;:&quot;no&quot;,&quot;_ob_poopart_use&quot;:&quot;yes&quot;,&quot;_ob_shadough_use&quot;:&quot;no&quot;,&quot;_ob_allow_hoveranimator&quot;:&quot;no&quot;,&quot;_ob_widget_stalker_use&quot;:&quot;no&quot;}\" data-widget_type=\"spacer.default\">\n\t\t\t\t<div class=\"elementor-widget-container\">\n\t\t\t\t\t<div class=\"elementor-spacer\">\n\t\t\t<div class=\"elementor-spacer-inner\"><\/div>\n\t\t<\/div>\n\t\t\t\t<\/div>\n\t\t\t\t<\/div>\n\t\t\t\t<div class=\"elementor-element elementor-element-6ddb124 ob-harakiri-inherit ob-has-background-overlay elementor-widget elementor-widget-text-editor\" data-id=\"6ddb124\" data-element_type=\"widget\" data-settings=\"{&quot;_ob_harakiri_writing_mode&quot;:&quot;inherit&quot;,&quot;_ob_perspektive_use&quot;:&quot;no&quot;,&quot;_ob_poopart_use&quot;:&quot;yes&quot;,&quot;_ob_shadough_use&quot;:&quot;no&quot;,&quot;_ob_allow_hoveranimator&quot;:&quot;no&quot;,&quot;_ob_widget_stalker_use&quot;:&quot;no&quot;}\" data-widget_type=\"text-editor.default\">\n\t\t\t\t<div class=\"elementor-widget-container\">\n\t\t\t\t\t\t\t\t<div class=\"elementor-text-editor elementor-clearfix\">\n\t\t\t\t<p>Leil\u00e3o de reprodu\u00e7\u00f5es de obras de clientes da Casa das Palmeiras realizado durante o congresso. Nessa ocasi\u00e3o arrematei uma das obras e ela foi entregue a mim por Sonu Shamdasani.<\/p>\t\t\t\t\t<\/div>\n\t\t\t\t\t\t<\/div>\n\t\t\t\t<\/div>\n\t\t\t\t<div class=\"elementor-element elementor-element-b48b68b ob-has-background-overlay elementor-widget elementor-widget-gallery\" data-id=\"b48b68b\" data-element_type=\"widget\" data-settings=\"{&quot;gallery_layout&quot;:&quot;masonry&quot;,&quot;columns&quot;:3,&quot;overlay_title&quot;:&quot;caption&quot;,&quot;lazyload&quot;:&quot;yes&quot;,&quot;columns_tablet&quot;:2,&quot;columns_mobile&quot;:1,&quot;gap&quot;:{&quot;unit&quot;:&quot;px&quot;,&quot;size&quot;:10,&quot;sizes&quot;:[]},&quot;gap_tablet&quot;:{&quot;unit&quot;:&quot;px&quot;,&quot;size&quot;:10,&quot;sizes&quot;:[]},&quot;gap_mobile&quot;:{&quot;unit&quot;:&quot;px&quot;,&quot;size&quot;:10,&quot;sizes&quot;:[]},&quot;link_to&quot;:&quot;file&quot;,&quot;overlay_background&quot;:&quot;yes&quot;,&quot;content_hover_animation&quot;:&quot;fade-in&quot;,&quot;_ob_perspektive_use&quot;:&quot;no&quot;,&quot;_ob_poopart_use&quot;:&quot;yes&quot;,&quot;_ob_shadough_use&quot;:&quot;no&quot;,&quot;_ob_allow_hoveranimator&quot;:&quot;no&quot;,&quot;_ob_widget_stalker_use&quot;:&quot;no&quot;}\" data-widget_type=\"gallery.default\">\n\t\t\t\t<div class=\"elementor-widget-container\">\n\t\t\t\t\t<div class=\"elementor-gallery__container\">\n\t\t\t\t\t\t\t<a class=\"e-gallery-item elementor-gallery-item elementor-animated-content\" href=\"https:\/\/mac.psc.br\/site\/wp-content\/uploads\/2020\/10\/galeria-ajb-5.jpg\" data-elementor-open-lightbox=\"yes\" data-elementor-lightbox-slideshow=\"all-b48b68b\" data-elementor-lightbox-title=\"galeria-ajb-5\" e-action-hash=\"#elementor-action%3Aaction%3Dlightbox%26settings%3DeyJpZCI6MjUyMywidXJsIjoiaHR0cHM6XC9cL21hYy5wc2MuYnJcL3NpdGVcL3dwLWNvbnRlbnRcL3VwbG9hZHNcLzIwMjBcLzEwXC9nYWxlcmlhLWFqYi01LmpwZyIsInNsaWRlc2hvdyI6ImFsbC1iNDhiNjhiIn0%3D\">\n\t\t\t\t\t<div class=\"e-gallery-image elementor-gallery-item__image\" data-thumbnail=\"https:\/\/mac.psc.br\/site\/wp-content\/uploads\/2020\/10\/galeria-ajb-5-300x203.jpg\" data-width=\"300\" data-height=\"203\" alt=\"XXV Congresso de Psicologia Anal\u00edtica da Associa\u00e7\u00e3o Junguiana do Brasil - AJB\" ><\/div>\n\t\t\t\t\t\t\t\t\t\t\t<div class=\"elementor-gallery-item__overlay\"><\/div>\n\t\t\t\t\t\t\t\t\t\t\t\t\t\t\t<div class=\"elementor-gallery-item__content\">\n\t\t\t\t\t\t\t\t\t\t\t<\/div>\n\t\t\t\t\t\t\t\t\t<\/a>\n\t\t\t\t\t\t\t<a class=\"e-gallery-item elementor-gallery-item elementor-animated-content\" href=\"https:\/\/mac.psc.br\/site\/wp-content\/uploads\/2020\/10\/galeria-ajb-6.jpg\" data-elementor-open-lightbox=\"yes\" data-elementor-lightbox-slideshow=\"all-b48b68b\" data-elementor-lightbox-title=\"galeria-ajb-6\" e-action-hash=\"#elementor-action%3Aaction%3Dlightbox%26settings%3DeyJpZCI6MjUyNCwidXJsIjoiaHR0cHM6XC9cL21hYy5wc2MuYnJcL3NpdGVcL3dwLWNvbnRlbnRcL3VwbG9hZHNcLzIwMjBcLzEwXC9nYWxlcmlhLWFqYi02LmpwZyIsInNsaWRlc2hvdyI6ImFsbC1iNDhiNjhiIn0%3D\">\n\t\t\t\t\t<div class=\"e-gallery-image elementor-gallery-item__image\" data-thumbnail=\"https:\/\/mac.psc.br\/site\/wp-content\/uploads\/2020\/10\/galeria-ajb-6-300x222.jpg\" data-width=\"300\" data-height=\"222\" alt=\"XXV Congresso de Psicologia Anal\u00edtica da Associa\u00e7\u00e3o Junguiana do Brasil - AJB\" ><\/div>\n\t\t\t\t\t\t\t\t\t\t\t<div class=\"elementor-gallery-item__overlay\"><\/div>\n\t\t\t\t\t\t\t\t\t\t\t\t\t\t\t<div class=\"elementor-gallery-item__content\">\n\t\t\t\t\t\t\t\t\t\t\t<\/div>\n\t\t\t\t\t\t\t\t\t<\/a>\n\t\t\t\t\t\t\t<a class=\"e-gallery-item elementor-gallery-item elementor-animated-content\" href=\"https:\/\/mac.psc.br\/site\/wp-content\/uploads\/2020\/10\/galeria-ajb-7.jpg\" data-elementor-open-lightbox=\"yes\" data-elementor-lightbox-slideshow=\"all-b48b68b\" data-elementor-lightbox-title=\"galeria-ajb-7\" e-action-hash=\"#elementor-action%3Aaction%3Dlightbox%26settings%3DeyJpZCI6MjUyNSwidXJsIjoiaHR0cHM6XC9cL21hYy5wc2MuYnJcL3NpdGVcL3dwLWNvbnRlbnRcL3VwbG9hZHNcLzIwMjBcLzEwXC9nYWxlcmlhLWFqYi03LmpwZyIsInNsaWRlc2hvdyI6ImFsbC1iNDhiNjhiIn0%3D\">\n\t\t\t\t\t<div class=\"e-gallery-image elementor-gallery-item__image\" data-thumbnail=\"https:\/\/mac.psc.br\/site\/wp-content\/uploads\/2020\/10\/galeria-ajb-7-300x220.jpg\" data-width=\"300\" data-height=\"220\" alt=\"XXV Congresso de Psicologia Anal\u00edtica da Associa\u00e7\u00e3o Junguiana do Brasil - AJB\" ><\/div>\n\t\t\t\t\t\t\t\t\t\t\t<div class=\"elementor-gallery-item__overlay\"><\/div>\n\t\t\t\t\t\t\t\t\t\t\t\t\t\t\t<div class=\"elementor-gallery-item__content\">\n\t\t\t\t\t\t\t\t\t\t\t<\/div>\n\t\t\t\t\t\t\t\t\t<\/a>\n\t\t\t\t\t\t\t<a class=\"e-gallery-item elementor-gallery-item elementor-animated-content\" href=\"https:\/\/mac.psc.br\/site\/wp-content\/uploads\/2020\/10\/galeria-ajb-8.jpg\" data-elementor-open-lightbox=\"yes\" data-elementor-lightbox-slideshow=\"all-b48b68b\" data-elementor-lightbox-title=\"galeria-ajb-8\" e-action-hash=\"#elementor-action%3Aaction%3Dlightbox%26settings%3DeyJpZCI6MjUyNiwidXJsIjoiaHR0cHM6XC9cL21hYy5wc2MuYnJcL3NpdGVcL3dwLWNvbnRlbnRcL3VwbG9hZHNcLzIwMjBcLzEwXC9nYWxlcmlhLWFqYi04LmpwZyIsInNsaWRlc2hvdyI6ImFsbC1iNDhiNjhiIn0%3D\">\n\t\t\t\t\t<div class=\"e-gallery-image elementor-gallery-item__image\" data-thumbnail=\"https:\/\/mac.psc.br\/site\/wp-content\/uploads\/2020\/10\/galeria-ajb-8-300x300.jpg\" data-width=\"300\" data-height=\"300\" alt=\"XXV Congresso de Psicologia Anal\u00edtica da Associa\u00e7\u00e3o Junguiana do Brasil - AJB\" ><\/div>\n\t\t\t\t\t\t\t\t\t\t\t<div class=\"elementor-gallery-item__overlay\"><\/div>\n\t\t\t\t\t\t\t\t\t\t\t\t\t\t\t<div class=\"elementor-gallery-item__content\">\n\t\t\t\t\t\t\t\t\t\t\t<\/div>\n\t\t\t\t\t\t\t\t\t<\/a>\n\t\t\t\t\t<\/div>\n\t\t\t<\/div>\n\t\t\t\t<\/div>\n\t\t\t\t\t\t<\/div>\n\t\t\t\t\t<\/div>\n\t\t<\/div>\n\t\t\t\t\t\t\t\t<\/div>\n\t\t\t\t\t<\/div>\n\t\t<\/section>\n\t\t\t\t\t\t\t\t\t<\/div>\n\t\t\t<\/div>\n\t\t\t\t\t<\/div>\n\t\t","protected":false},"excerpt":{"rendered":"<p>Leil\u00e3o de reprodu\u00e7\u00f5es de obras de clientes da Casa das Palmeiras realizado durante o congresso. Nessa ocasi\u00e3o arrematei uma das obras e ela foi entregue a mim por Sonu Shamdasani.<\/p>\n","protected":false},"author":1,"featured_media":0,"parent":1262,"menu_order":0,"comment_status":"closed","ping_status":"closed","template":"","meta":[],"_links":{"self":[{"href":"https:\/\/mac.psc.br\/site\/wp-json\/wp\/v2\/pages\/1366"}],"collection":[{"href":"https:\/\/mac.psc.br\/site\/wp-json\/wp\/v2\/pages"}],"about":[{"href":"https:\/\/mac.psc.br\/site\/wp-json\/wp\/v2\/types\/page"}],"author":[{"embeddable":true,"href":"https:\/\/mac.psc.br\/site\/wp-json\/wp\/v2\/users\/1"}],"replies":[{"embeddable":true,"href":"https:\/\/mac.psc.br\/site\/wp-json\/wp\/v2\/comments?post=1366"}],"version-history":[{"count":13,"href":"https:\/\/mac.psc.br\/site\/wp-json\/wp\/v2\/pages\/1366\/revisions"}],"predecessor-version":[{"id":2761,"href":"https:\/\/mac.psc.br\/site\/wp-json\/wp\/v2\/pages\/1366\/revisions\/2761"}],"up":[{"embeddable":true,"href":"https:\/\/mac.psc.br\/site\/wp-json\/wp\/v2\/pages\/1262"}],"wp:attachment":[{"href":"https:\/\/mac.psc.br\/site\/wp-json\/wp\/v2\/media?parent=1366"}],"curies":[{"name":"wp","href":"https:\/\/api.w.org\/{rel}","templated":true}]}}